{"id":1481,"date":"2026-02-10T10:54:33","date_gmt":"2026-02-10T13:54:33","guid":{"rendered":"https:\/\/eventos.b3.com.br\/?page_id=1481"},"modified":"2026-03-05T14:31:11","modified_gmt":"2026-03-05T17:31:11","slug":"login","status":"publish","type":"page","link":"https:\/\/eventos.b3.com.br\/en\/login\/","title":{"rendered":"Login"},"content":{"rendered":"<div data-elementor-type=\"wp-page\" data-elementor-id=\"1481\" class=\"elementor elementor-1481\" data-elementor-post-type=\"page\">\n\t\t\t\t<div class=\"elementor-element elementor-element-3c5ee6a e-flex e-con-boxed e-con e-parent\" data-id=\"3c5ee6a\" data-element_type=\"container\" data-e-type=\"container\">\n\t\t\t\t\t<div class=\"e-con-inner\">\n\t\t\t\t<div class=\"elementor-element elementor-element-1ab73e2 elementor-widget elementor-widget-heading\" data-id=\"1ab73e2\" data-element_type=\"widget\" data-e-type=\"widget\" data-widget_type=\"heading.default\">\n\t\t\t\t\t<h1 class=\"elementor-heading-title elementor-size-default\">Login<\/h1>\t\t\t\t<\/div>\n\t\t<div class=\"elementor-element elementor-element-5d878fe e-con-full jedv-enabled--yes e-flex e-con e-child\" data-id=\"5d878fe\" data-element_type=\"container\" data-e-type=\"container\">\n\t\t\t\t<div class=\"elementor-element elementor-element-8d1fbab elementor-widget__width-inherit elementor-widget elementor-widget-jet-form-builder-form\" data-id=\"8d1fbab\" data-element_type=\"widget\" data-e-type=\"widget\" data-widget_type=\"jet-form-builder-form.default\">\n\t\t\t\t<div class=\"elementor-widget-container\">\n\t\t\t\t\t<link rel='stylesheet' id='wp-block-library-css' href='https:\/\/eventos.b3.com.br\/wp-includes\/css\/dist\/block-library\/style.min.css?ver=d7261e1f828c0c9940148ed359f5f8ae' media='all' \/>\n<style id=\"jet-form-builder-1510-inline-css\"><\/style><form  class=\"jet-form-builder layout-column submit-type-reload\" action=\"https:\/\/eventos.b3.com.br\/en\/wp-json\/wp\/v2\/pages\/1481\/?W85f0D=p4u4h8lV19u5&#038;method=reload\" method=\"POST\" data-form-id=\"1510\" data-layout=\"column\" enctype=\"multipart\/form-data\" novalidate=\"null\" ssr_validation_method=\"rest\" data-trp-original-action=\"https:\/\/eventos.b3.com.br\/en\/wp-json\/wp\/v2\/pages\/1481\/?W85f0D=p4u4h8lV19u5&amp;method=reload\"><input type=\"hidden\" id=\"_wpnonce\" name=\"_wpnonce\" value=\"c166565a0b\" \/><input type=\"hidden\" name=\"_wp_http_referer\" value=\"\/en\/wp-json\/wp\/v2\/pages\/1481\" \/>\r\n<input type=\"hidden\" name=\"_jfb_current_render_states[]\" value=\"DEFAULT.STATE\" data-jfb-sync \/><input type=\"hidden\" class=\"jet-form-builder__field hidden-field\" name=\"_jet_engine_booking_form_id\" data-field-name=\"_jet_engine_booking_form_id\" value=\"1510\">\n<input type=\"hidden\" class=\"jet-form-builder__field hidden-field\" name=\"_jet_engine_refer\" data-field-name=\"_jet_engine_refer\" value=\"https:\/\/eventos.b3.com.br\/en\/wp-json\/wp\/v2\/pages\/1481\/\">\n<input type=\"hidden\" class=\"jet-form-builder__field hidden-field\" name=\"__queried_post_id\" data-field-name=\"__queried_post_id\" value=\"1481\">\n<div  class=\"jet-form-builder-row field-type-text-field\" >\n<div class=\"jet-form-builder__label\">\r\n<div class=\"jet-form-builder__label-text\">Company Tax ID or email address<\/div><\/div><div class=\"jet-form-builder__field-wrap\">\n\t\t\t\t<input name=\"login_email\" id=\"login_email\" type=\"text\" data-field-name=\"login_email\" class=\"jet-form-builder__field text-field\" data-jfb-sync=\"null\" autocomplete=\"off_NWLmCDhy\">\n\t\t\t\t\t<\/div><div class=\"jet-form-builder__desc\"><small>Enter numbers only (ex: 09346601000125)<\/small><\/div>\n<\/div>\n\n<div  class=\"jet-form-builder-row field-type-text-field\" >\n<div class=\"jet-form-builder__label\">\r\n<div class=\"jet-form-builder__label-text\">Password<\/div><\/div><div class=\"jet-form-builder__field-wrap\">\n\t\t\t\t<input name=\"senha\" id=\"senha\" type=\"text\" data-field-name=\"senha\" class=\"jet-form-builder__field text-field\" data-jfb-sync=\"null\" autocomplete=\"off_fBPavNdM\">\n\t\t\t\t\t<\/div>\n<\/div>\n\n<div  class=\"jet-form-builder-row field-type-switcher wp-block-jet-forms-switcher\">\n<div class=\"jet-form-builder__label\">\r\n<div class=\"jet-form-builder__label-text\">Remind me<\/div><\/div><input id=\"remember_me\" name=\"remember_me\" type=\"checkbox\" role=\"switch\" class=\"jet-form-builder__field\" value=\"on\" data-calculate=\"1\" data-jfb-sync=\"null\">\n<\/div>\n\n<div  class=\"jet-form-builder-row field-type-submit-field\" >\n\t<div data-type=\"submit\" class=\"jet-form-builder__action-button-wrapper jet-form-builder__submit-wrap\">\n\t<button class=\"jet-form-builder__action-button jet-form-builder__submit submit-type-reload\" type=\"submit\">Log in<\/button>\n\t<\/div>\n\t\n<\/div>\t<div class=\"jet-form-builder-messages-wrap\" data-form-id=\"1510\"><\/div>\n<input type=\"hidden\" name=\"trp-form-language\" value=\"en\"\/><\/form>\n\t\t\t\t<\/div>\n\t\t\t\t<\/div>\n\t\t\t\t<div class=\"elementor-element elementor-element-078d1bf elementor-widget elementor-widget-heading\" data-id=\"078d1bf\" data-element_type=\"widget\" data-e-type=\"widget\" data-widget_type=\"heading.default\">\n\t\t\t\t\t<div class=\"elementor-heading-title elementor-size-default\"><a href=\"https:\/\/eventos.b3.com.br\/en\/recuperar-senha\/\">Forgot your password?<\/a><\/div>\t\t\t\t<\/div>\n\t\t\t\t<div class=\"elementor-element elementor-element-29695be elementor-widget elementor-widget-heading\" data-id=\"29695be\" data-element_type=\"widget\" data-e-type=\"widget\" data-widget_type=\"heading.default\">\n\t\t\t\t\t<div class=\"elementor-heading-title elementor-size-default\"><a href=\"https:\/\/eventos.b3.com.br\/en\/cadastro\/\">Do you want to sign up?<\/a><\/div>\t\t\t\t<\/div>\n\t\t\t\t<\/div>\n\t\t\t\t\t<\/div>\n\t\t\t\t<\/div>\n\t\t\t\t<\/div>","protected":false},"excerpt":{"rendered":"<p>Login CNPJ ou endere\u00e7o de email Digite apenas os n\u00fameros (ex: 09346601000125) Senha Lembrar-me Entrar Esqueceu sua senha? Quer se cadastrar? Voc\u00ea j\u00e1 est\u00e1 conectado.Clique aqui pra voltar para o lobby do evento.<\/p>","protected":false},"author":1,"featured_media":0,"parent":0,"menu_order":0,"comment_status":"closed","ping_status":"closed","template":"elementor_canvas","meta":{"footnotes":""},"class_list":["post-1481","page","type-page","status-publish","hentry"],"_links":{"self":[{"href":"https:\/\/eventos.b3.com.br\/en\/wp-json\/wp\/v2\/pages\/1481","targetHints":{"allow":["GET"]}}],"collection":[{"href":"https:\/\/eventos.b3.com.br\/en\/wp-json\/wp\/v2\/pages"}],"about":[{"href":"https:\/\/eventos.b3.com.br\/en\/wp-json\/wp\/v2\/types\/page"}],"author":[{"embeddable":true,"href":"https:\/\/eventos.b3.com.br\/en\/wp-json\/wp\/v2\/users\/1"}],"replies":[{"embeddable":true,"href":"https:\/\/eventos.b3.com.br\/en\/wp-json\/wp\/v2\/comments?post=1481"}],"version-history":[{"count":25,"href":"https:\/\/eventos.b3.com.br\/en\/wp-json\/wp\/v2\/pages\/1481\/revisions"}],"predecessor-version":[{"id":1596,"href":"https:\/\/eventos.b3.com.br\/en\/wp-json\/wp\/v2\/pages\/1481\/revisions\/1596"}],"wp:attachment":[{"href":"https:\/\/eventos.b3.com.br\/en\/wp-json\/wp\/v2\/media?parent=1481"}],"curies":[{"name":"wp","href":"https:\/\/api.w.org\/{rel}","templated":true}]}}