{"id":1483,"date":"2026-02-10T10:54:53","date_gmt":"2026-02-10T13:54:53","guid":{"rendered":"https:\/\/eventos.b3.com.br\/?page_id=1483"},"modified":"2026-02-10T18:22:38","modified_gmt":"2026-02-10T21:22:38","slug":"recuperar-senha","status":"publish","type":"page","link":"https:\/\/eventos.b3.com.br\/en\/recuperar-senha\/","title":{"rendered":"Recover password"},"content":{"rendered":"<div data-elementor-type=\"wp-page\" data-elementor-id=\"1483\" class=\"elementor elementor-1483\" data-elementor-post-type=\"page\">\n\t\t\t\t<div class=\"elementor-element elementor-element-9ec5ff0 e-flex e-con-boxed e-con e-parent\" data-id=\"9ec5ff0\" data-element_type=\"container\" data-e-type=\"container\">\n\t\t\t\t\t<div class=\"e-con-inner\">\n\t\t\t\t<div class=\"elementor-element elementor-element-13a78d5 elementor-widget elementor-widget-heading\" data-id=\"13a78d5\" data-element_type=\"widget\" data-e-type=\"widget\" data-widget_type=\"heading.default\">\n\t\t\t\t\t<h1 class=\"elementor-heading-title elementor-size-default\">Recover password<\/h1>\t\t\t\t<\/div>\n\t\t\t\t<div class=\"elementor-element elementor-element-5a47996 elementor-widget elementor-widget-text-editor\" data-id=\"5a47996\" data-element_type=\"widget\" data-e-type=\"widget\" data-widget_type=\"text-editor.default\">\n\t\t\t\t\t\t\t\t\t<p>Please enter your registered Company Tax ID number or email. You will receive a link to create a new password via email.<\/p>\t\t\t\t\t\t\t\t<\/div>\n\t\t\t\t<div class=\"elementor-element elementor-element-31d1b8e elementor-widget elementor-widget-jet-form-builder-form\" data-id=\"31d1b8e\" data-element_type=\"widget\" data-e-type=\"widget\" data-widget_type=\"jet-form-builder-form.default\">\n\t\t\t\t<div class=\"elementor-widget-container\">\n\t\t\t\t\t<link rel='stylesheet' id='wp-block-library-css' href='https:\/\/eventos.b3.com.br\/wp-includes\/css\/dist\/block-library\/style.min.css?ver=d7261e1f828c0c9940148ed359f5f8ae' media='all' \/>\n<style id=\"jet-form-builder-1540-inline-css\"><\/style><form  class=\"jet-form-builder layout-column submit-type-reload\" action=\"https:\/\/eventos.b3.com.br\/en\/wp-json\/wp\/v2\/pages\/1483\/?W85f0D=p4u4h8lV19u5&#038;method=reload\" method=\"POST\" data-form-id=\"1540\" data-layout=\"column\" enctype=\"multipart\/form-data\" novalidate=\"null\" ssr_validation_method=\"rest\" data-trp-original-action=\"https:\/\/eventos.b3.com.br\/en\/wp-json\/wp\/v2\/pages\/1483\/?W85f0D=p4u4h8lV19u5&amp;method=reload\"><input type=\"hidden\" id=\"_wpnonce\" name=\"_wpnonce\" value=\"ac905c4d08\" \/><input type=\"hidden\" name=\"_wp_http_referer\" value=\"\/en\/wp-json\/wp\/v2\/pages\/1483\" \/>\r\n<input type=\"hidden\" name=\"_jfb_current_render_states[]\" value=\"DEFAULT.STATE\" data-jfb-sync \/><input type=\"hidden\" class=\"jet-form-builder__field hidden-field\" name=\"_jet_engine_booking_form_id\" data-field-name=\"_jet_engine_booking_form_id\" value=\"1540\">\n<input type=\"hidden\" class=\"jet-form-builder__field hidden-field\" name=\"_jet_engine_refer\" data-field-name=\"_jet_engine_refer\" value=\"https:\/\/eventos.b3.com.br\/en\/wp-json\/wp\/v2\/pages\/1483\/\">\n<input type=\"hidden\" class=\"jet-form-builder__field hidden-field\" name=\"__queried_post_id\" data-field-name=\"__queried_post_id\" value=\"1483\">\n\n<div  class=\"jet-form-builder-row field-type-text-field\" >\n<div class=\"jet-form-builder__label\">\r\n<div class=\"jet-form-builder__label-text\">Company Tax ID or email address<\/div><\/div><div class=\"jet-form-builder__field-wrap\">\n\t\t\t\t<input name=\"user_login_or_email\" id=\"user_login_or_email\" type=\"text\" data-field-name=\"user_login_or_email\" class=\"jet-form-builder__field text-field\" data-jfb-sync=\"null\" autocomplete=\"off_wHr5Xvpq\">\n\t\t\t\t\t<\/div><div class=\"jet-form-builder__desc\"><small>Enter numbers only (ex: 09346601000125)<\/small><\/div>\n<\/div>\n\n\n\n<div  class=\"jet-form-builder-row field-type-submit-field\" >\n\t<div data-type=\"submit\" class=\"jet-form-builder__action-button-wrapper jet-form-builder__submit-wrap\">\n\t<button class=\"jet-form-builder__action-button jet-form-builder__submit submit-type-reload\" type=\"submit\">Recover<\/button>\n\t<\/div>\n\t\n<\/div>\n\t<div class=\"jet-form-builder-messages-wrap\" data-form-id=\"1540\"><\/div>\n<input type=\"hidden\" name=\"trp-form-language\" value=\"en\"\/><\/form>\n\t\t\t\t<\/div>\n\t\t\t\t<\/div>\n\t\t\t\t<div class=\"elementor-element elementor-element-dea7ef4 elementor-widget elementor-widget-heading\" data-id=\"dea7ef4\" data-element_type=\"widget\" data-e-type=\"widget\" data-widget_type=\"heading.default\">\n\t\t\t\t\t<div class=\"elementor-heading-title elementor-size-default\"><a href=\"https:\/\/eventos.b3.com.br\/en\/login\/\">Ready to log in?<\/a><\/div>\t\t\t\t<\/div>\n\t\t\t\t\t<\/div>\n\t\t\t\t<\/div>\n\t\t\t\t<\/div>","protected":false},"excerpt":{"rendered":"<p>Recuperar senha Por favor insira o seu CNPJ ou email cadastrado. Voc\u00ea receber\u00e1 um link para a cria\u00e7\u00e3o de uma nova senha por email. CNPJ ou endere\u00e7o de email Digite apenas os n\u00fameros (ex: 09346601000125) Recuperar Pronto para o login?<\/p>","protected":false},"author":1,"featured_media":0,"parent":0,"menu_order":0,"comment_status":"closed","ping_status":"closed","template":"elementor_canvas","meta":{"footnotes":""},"class_list":["post-1483","page","type-page","status-publish","hentry"],"_links":{"self":[{"href":"https:\/\/eventos.b3.com.br\/en\/wp-json\/wp\/v2\/pages\/1483","targetHints":{"allow":["GET"]}}],"collection":[{"href":"https:\/\/eventos.b3.com.br\/en\/wp-json\/wp\/v2\/pages"}],"about":[{"href":"https:\/\/eventos.b3.com.br\/en\/wp-json\/wp\/v2\/types\/page"}],"author":[{"embeddable":true,"href":"https:\/\/eventos.b3.com.br\/en\/wp-json\/wp\/v2\/users\/1"}],"replies":[{"embeddable":true,"href":"https:\/\/eventos.b3.com.br\/en\/wp-json\/wp\/v2\/comments?post=1483"}],"version-history":[{"count":13,"href":"https:\/\/eventos.b3.com.br\/en\/wp-json\/wp\/v2\/pages\/1483\/revisions"}],"predecessor-version":[{"id":1557,"href":"https:\/\/eventos.b3.com.br\/en\/wp-json\/wp\/v2\/pages\/1483\/revisions\/1557"}],"wp:attachment":[{"href":"https:\/\/eventos.b3.com.br\/en\/wp-json\/wp\/v2\/media?parent=1483"}],"curies":[{"name":"wp","href":"https:\/\/api.w.org\/{rel}","templated":true}]}}