{"id":95,"date":"2026-01-28T18:03:17","date_gmt":"2026-01-28T18:03:17","guid":{"rendered":"https:\/\/eventos.b3.com.br\/?page_id=95"},"modified":"2026-03-09T21:40:06","modified_gmt":"2026-03-10T00:40:06","slug":"cadastro","status":"publish","type":"page","link":"https:\/\/eventos.b3.com.br\/en\/cadastro\/","title":{"rendered":"Cadastro"},"content":{"rendered":"\t\t<div data-elementor-type=\"wp-page\" data-elementor-id=\"95\" class=\"elementor elementor-95\" data-elementor-post-type=\"page\">\n\t\t\t\t<div class=\"elementor-element elementor-element-87768d5 e-flex e-con-boxed e-con e-parent\" data-id=\"87768d5\" data-element_type=\"container\" data-e-type=\"container\">\n\t\t\t\t\t<div class=\"e-con-inner\">\n\t\t\t\t<div class=\"elementor-element elementor-element-a795b2d elementor-widget elementor-widget-heading\" data-id=\"a795b2d\" data-element_type=\"widget\" data-e-type=\"widget\" data-widget_type=\"heading.default\">\n\t\t\t\t\t<h1 class=\"elementor-heading-title elementor-size-default\">Fa\u00e7a seu pr\u00e9-cadastro como patrocinador<\/h1>\t\t\t\t<\/div>\n\t\t\t\t<div class=\"elementor-element elementor-element-d991b31 elementor-widget elementor-widget-jet-form-builder-form\" data-id=\"d991b31\" data-element_type=\"widget\" data-e-type=\"widget\" data-widget_type=\"jet-form-builder-form.default\">\n\t\t\t\t<div class=\"elementor-widget-container\">\n\t\t\t\t\t<link rel='stylesheet' id='wp-block-library-css' href='https:\/\/eventos.b3.com.br\/wp-includes\/css\/dist\/block-library\/style.min.css?ver=d7261e1f828c0c9940148ed359f5f8ae' media='all' \/>\n<style id=\"jet-form-builder-73-inline-css\"><\/style><form  class=\"jet-form-builder layout-column submit-type-reload\" action=\"https:\/\/eventos.b3.com.br\/en\/wp-json\/wp\/v2\/pages\/95\/?W85f0D=p4u4h8lV19u5&amp;method=reload\" method=\"POST\" data-form-id=\"73\" data-layout=\"column\" enctype=\"multipart\/form-data\" novalidate=\"null\" ssr_validation_method=\"rest\"><input type=\"hidden\" id=\"_wpnonce\" name=\"_wpnonce\" value=\"cc24f7509d\" \/><input type=\"hidden\" name=\"_wp_http_referer\" value=\"\/en\/wp-json\/wp\/v2\/pages\/95\" \/>\r\n<input type=\"hidden\" name=\"_jfb_current_render_states[]\" value=\"DEFAULT.STATE\" data-jfb-sync \/><input type=\"hidden\" class=\"jet-form-builder__field hidden-field\" name=\"_jet_engine_booking_form_id\" data-field-name=\"_jet_engine_booking_form_id\" value=\"73\">\n<input type=\"hidden\" class=\"jet-form-builder__field hidden-field\" name=\"_jet_engine_refer\" data-field-name=\"_jet_engine_refer\" value=\"https:\/\/eventos.b3.com.br\/en\/wp-json\/wp\/v2\/pages\/95\/\">\n<input type=\"hidden\" class=\"jet-form-builder__field hidden-field\" name=\"__queried_post_id\" data-field-name=\"__queried_post_id\" value=\"95\">\n\n<input type=\"hidden\" class=\"jet-form-builder__field hidden-field\" name=\"data_registro_hidden\" data-field-name=\"data_registro_hidden\" data-jfb-sync=\"null\" value=\"1777231999\">\n\n\n\n\n<input type=\"hidden\" data-dynamic-value=\"[{&quot;id&quot;:3233,&quot;conditions&quot;:[{&quot;__visible&quot;:true,&quot;value&quot;:&quot;&quot;}],&quot;to_set&quot;:&quot;&quot;}]\" class=\"jet-form-builder__field hidden-field\" name=\"ip_registro_hidden\" data-field-name=\"ip_registro_hidden\" data-jfb-sync=\"null\">\n\n\n\n\n<input type=\"hidden\" class=\"jet-form-builder__field hidden-field\" name=\"tier_acesso_hidden\" data-field-name=\"tier_acesso_hidden\" data-jfb-sync=\"null\" value=\"aguardando\">\n\n\n\n\n<input type=\"hidden\" class=\"jet-form-builder__field hidden-field\" name=\"pode_acessar_hidden\" data-field-name=\"pode_acessar_hidden\" data-jfb-sync=\"null\" value=\"false\">\n\n\n\n\n<div class=\"wp-block-columns is-layout-flex wp-container-core-columns-is-layout-28f84493 wp-block-columns-is-layout-flex\">\n<div class=\"wp-block-column is-layout-flow wp-block-column-is-layout-flow\"><div  class=\"jet-form-builder-row field-type-text-field\" >\n<div class=\"jet-form-builder__label\">\r\n<div class=\"jet-form-builder__label-text\">Nome <span class=\"jet-form-builder__required\">*<\/span><\/div><\/div><div class=\"jet-form-builder__field-wrap\">\n\t\t\t\t<input required=\"required\" name=\"nome\" id=\"nome\" type=\"text\" data-field-name=\"nome\" class=\"jet-form-builder__field text-field\" data-jfb-sync=\"null\" autocomplete=\"off_YxvbuyaJ\">\n\t\t\t\t\t<\/div>\n<\/div><\/div>\n\n\n\n<div class=\"wp-block-column is-layout-flow wp-block-column-is-layout-flow\"><div  class=\"jet-form-builder-row field-type-text-field\" >\n<div class=\"jet-form-builder__label\">\r\n<div class=\"jet-form-builder__label-text\">Sobrenome <span class=\"jet-form-builder__required\">*<\/span><\/div><\/div><div class=\"jet-form-builder__field-wrap\">\n\t\t\t\t<input required=\"required\" name=\"sobrenome\" id=\"sobrenome\" type=\"text\" data-field-name=\"sobrenome\" class=\"jet-form-builder__field text-field\" data-jfb-sync=\"null\" autocomplete=\"off_agtD7jbx\">\n\t\t\t\t\t<\/div>\n<\/div><\/div>\n<\/div>\n\n\n<div  data-validation-type=\"advanced\" data-validation-rules=\"[{&quot;__visible&quot;:false,&quot;type&quot;:&quot;ssr&quot;,&quot;value&quot;:&quot;is_user_email_unique&quot;,&quot;message&quot;:&quot;This email is already registered.&quot;,&quot;_sig&quot;:&quot;1fcf9ba2112054b9f4814d93874394b8&quot;},{&quot;__visible&quot;:true,&quot;type&quot;:&quot;ssr&quot;,&quot;value&quot;:&quot;b3_validar_email_corporativo&quot;,&quot;message&quot;:&quot;Please use a corporate email. Free email addresses (Gmail, Hotmail, etc.) are not allowed.&quot;,&quot;_sig&quot;:&quot;4b4e4bcbb1e1a6b23bf689d8ebdd33a8&quot;}]\" class=\"jet-form-builder-row field-type-text-field\" >\n<div class=\"jet-form-builder__label\">\r\n<div class=\"jet-form-builder__label-text\">E-mail corporativo <span class=\"jet-form-builder__required\">*<\/span><\/div><\/div><div class=\"jet-form-builder__field-wrap\">\n\t\t\t\t<input required=\"required\" name=\"email\" id=\"email\" type=\"email\" data-field-name=\"email\" class=\"jet-form-builder__field text-field\" data-jfb-sync=\"null\" autocomplete=\"off_UDAigx4C\">\n\t\t\t\t\t<\/div>\n<\/div>\n\n<div  data-validation-type=\"advanced\" data-validation-rules=\"[{&quot;__visible&quot;:false,&quot;type&quot;:&quot;ssr&quot;,&quot;value&quot;:&quot;is_user_login_unique&quot;,&quot;message&quot;:&quot;This number is already registered.&quot;,&quot;_sig&quot;:&quot;f4ed4f56a53a835187103e0fa4eedef6&quot;},{&quot;__visible&quot;:true,&quot;type&quot;:&quot;ssr&quot;,&quot;value&quot;:&quot;b3_validar_cnpj_completo&quot;,&quot;message&quot;:&quot;Invalid number.&quot;,&quot;_sig&quot;:&quot;4b1466979188c5660e731cee4196db3d&quot;}]\" class=\"jet-form-builder-row field-type-text-field\" >\n<div class=\"jet-form-builder__label\">\r\n<div class=\"jet-form-builder__label-text\">CNPJ <span class=\"jet-form-builder__required\">*<\/span><\/div><\/div><div class=\"jet-form-builder__field-wrap\">\n\t\t\t\t<input required=\"required\" name=\"cnpj\" id=\"cnpj\" type=\"text\" data-field-name=\"cnpj\" class=\"jet-form-builder__field text-field\" data-jfb-sync=\"null\" autocomplete=\"off_mTO5utfR\">\n\t\t\t\t\t<\/div><div class=\"jet-form-builder__desc\"><small>Digite apenas os n\u00fameros (ex: 09346601000125)<\/small><\/div>\n<\/div>\n\n<div  class=\"jet-form-builder-row field-type-text-field\" >\n<div class=\"jet-form-builder__label\">\r\n<div class=\"jet-form-builder__label-text\">Nome da Empresa <span class=\"jet-form-builder__required\">*<\/span><\/div><\/div><div class=\"jet-form-builder__field-wrap\">\n\t\t\t\t<input required=\"required\" name=\"empresa\" id=\"empresa\" type=\"text\" data-field-name=\"empresa\" class=\"jet-form-builder__field text-field\" data-jfb-sync=\"null\" autocomplete=\"off_SnC3tQB6\">\n\t\t\t\t\t<\/div>\n<\/div>\n\n<div  class=\"jet-form-builder-row field-type-radio-field wp-block-jet-forms-radio-field\">\n<div class=\"jet-form-builder__label\">\r\n<div class=\"jet-form-builder__label-text\">Patrocinou a \u00faltima edi\u00e7\u00e3o? <span class=\"jet-form-builder__required\">*<\/span><\/div><\/div><div class=\"jet-form-builder__fields-group checkradio-wrap\" data-jfb-sync><div class=\"jet-form-builder__field-wrap radio-wrap checkradio-wrap\"><label class=\"jet-form-builder__field-label for-radio\">\n<input type=\"radio\" name=\"foi_patrocinador\" value=\"sim\" data-field-name=\"foi_patrocinador\"  class=\"jet-form-builder__field radio-field checkradio-field\" required=\"required\"><span>Sim<\/span><\/label><\/div><div class=\"jet-form-builder__field-wrap radio-wrap checkradio-wrap\"><label class=\"jet-form-builder__field-label for-radio\">\n<input type=\"radio\" name=\"foi_patrocinador\" value=\"nao\" data-field-name=\"foi_patrocinador\"  class=\"jet-form-builder__field radio-field checkradio-field\" required=\"required\"><span>N\u00e3o<\/span><\/label><\/div><\/div>\n<\/div>\n\n<div class=\"jet-form-builder-row captcha-token-container\" data-validation-type=\"inherit\">\n\t<input type=\"hidden\" class=\"captcha-token\" name=\"_captcha_token\" value=\"\" data-jfb-sync required=\"required\">\n<\/div><div  class=\"jet-form-builder-row field-type-submit-field\" >\n\t<div data-type=\"submit\" class=\"jet-form-builder__action-button-wrapper jet-form-builder__submit-wrap\">\n\t<button class=\"jet-form-builder__action-button jet-form-builder__submit submit-type-reload\" type=\"submit\">Cadastrar<\/button>\n\t<\/div>\n\t\n<\/div>\t<div class=\"jet-form-builder-messages-wrap\" data-form-id=\"73\"><\/div>\n<\/form>\n\t\t\t\t<\/div>\n\t\t\t\t<\/div>\n\t\t\t\t\t<\/div>\n\t\t\t\t<\/div>\n\t\t\t\t<\/div>\n\t\t","protected":false},"excerpt":{"rendered":"<p>Fa\u00e7a seu pr\u00e9-cadastro como patrocinador Nome * Sobrenome * E-mail corporativo * CNPJ * Digite apenas os n\u00fameros (ex: 09346601000125) Nome da Empresa * Patrocinou o \u00faltimo evento? * Sim N\u00e3o Cadastrar<\/p>","protected":false},"author":1,"featured_media":0,"parent":0,"menu_order":0,"comment_status":"closed","ping_status":"closed","template":"elementor_canvas","meta":{"footnotes":""},"class_list":["post-95","page","type-page","status-publish","hentry"],"_links":{"self":[{"href":"https:\/\/eventos.b3.com.br\/en\/wp-json\/wp\/v2\/pages\/95","targetHints":{"allow":["GET"]}}],"collection":[{"href":"https:\/\/eventos.b3.com.br\/en\/wp-json\/wp\/v2\/pages"}],"about":[{"href":"https:\/\/eventos.b3.com.br\/en\/wp-json\/wp\/v2\/types\/page"}],"author":[{"embeddable":true,"href":"https:\/\/eventos.b3.com.br\/en\/wp-json\/wp\/v2\/users\/1"}],"replies":[{"embeddable":true,"href":"https:\/\/eventos.b3.com.br\/en\/wp-json\/wp\/v2\/comments?post=95"}],"version-history":[{"count":53,"href":"https:\/\/eventos.b3.com.br\/en\/wp-json\/wp\/v2\/pages\/95\/revisions"}],"predecessor-version":[{"id":1695,"href":"https:\/\/eventos.b3.com.br\/en\/wp-json\/wp\/v2\/pages\/95\/revisions\/1695"}],"wp:attachment":[{"href":"https:\/\/eventos.b3.com.br\/en\/wp-json\/wp\/v2\/media?parent=95"}],"curies":[{"name":"wp","href":"https:\/\/api.w.org\/{rel}","templated":true}]}}